{"id":625,"date":"2024-07-26T09:12:48","date_gmt":"2024-07-26T09:12:48","guid":{"rendered":"https:\/\/tydamed.vn\/?page_id=625"},"modified":"2024-07-26T09:13:05","modified_gmt":"2024-07-26T09:13:05","slug":"mieng-cam-mau-mui","status":"publish","type":"page","link":"https:\/\/tydamed.vn\/en\/mieng-cam-mau-mui","title":{"rendered":"Sinus &amp; Nasal Packs"},"content":{"rendered":"<div id=\"page-header-476176850\" class=\"page-header-wrapper\">\n  <div class=\"page-title dark featured-title\">\n\n        <div class=\"page-title-bg\">\n      <div class=\"title-bg fill bg-fill\"\n        data-parallax-container=\".page-title\"\n        data-parallax-background\n data-parallax=\"-\">\n      <\/div>\n      <div class=\"title-overlay fill\"><\/div>\n    <\/div>\n    \n    <div class=\"page-title-inner container align-center flex-row medium-flex-wrap\" >\n              <div class=\"title-wrapper flex-col text-left medium-text-center\">\n          <h1 class=\"entry-title mb-0\">\n            Sinus &amp; Nasal Packs          <\/h1>\n        <\/div>\n                    <div class=\"title-content flex-col flex-right text-right medium-text-center\">\n        <div class=\"title-breadcrumbs pb-half pt-half\"><nav class=\"woocommerce-breadcrumb breadcrumbs uppercase\" data-no-translation=\"\" data-trp-gettext=\"\">Home<\/nav><\/div>      <\/div>\n    <\/div>\n\n     \n<style>\n#page-header-476176850 .page-title-inner {\n  min-height: 350px;\n}\n#page-header-476176850 .title-bg {\n  background-image: url(https:\/\/tydamed.vn\/wp-content\/uploads\/2024\/07\/bg-page-title.png);\n}\n<\/style>\n  <\/div>\n    <\/div>\n  \n\t<section class=\"section\" id=\"section_2120556053\">\n\t\t<div class=\"bg section-bg fill bg-fill  bg-loaded\" >\n\n\t\t\t\n\t\t\t\n\t\t\t\n\n\t\t<\/div>\n\n\t\t\n\n\t\t<div class=\"section-content relative\">\n\t\t\t\n<div class=\"row\"  id=\"row-1576916452\">\n\n\t<div id=\"col-209524757\" class=\"col col_chitiet medium-9 small-12 large-9\"  >\n\t\t\t\t<div class=\"col-inner\"  >\n\t\t\t\n\t\t\t\n<div class=\"row row-small col_box1\"  id=\"row-1387240747\">\n\n\t<div id=\"col-1163198368\" class=\"col medium-5 small-12 large-5\"  >\n\t\t\t\t<div class=\"col-inner\"  >\n\t\t\t\n\t\t\t\n\t<div class=\"img has-hover x md-x lg-x y md-y lg-y\" id=\"image_200608258\">\n\t\t\t\t\t\t\t\t<div class=\"img-inner dark\" >\n\t\t\t<img loading=\"lazy\" decoding=\"async\" width=\"425\" height=\"360\" src=\"https:\/\/tydamed.vn\/wp-content\/uploads\/2024\/07\/nasal-dressing-packs-830644.jpg\" class=\"attachment-large size-large\" alt=\"\" srcset=\"https:\/\/tydamed.vn\/wp-content\/uploads\/2024\/07\/nasal-dressing-packs-830644.jpg 425w, https:\/\/tydamed.vn\/wp-content\/uploads\/2024\/07\/nasal-dressing-packs-830644-14x12.jpg 14w\" sizes=\"auto, (max-width: 425px) 100vw, 425px\" \/>\t\t\t\t\t\t\n\t\t\t\t\t<\/div>\n\t\t\t\t\t\t\t\t\n<style>\n#image_200608258 {\n  width: 100%;\n}\n<\/style>\n\t<\/div>\n\t\n\t\t<\/div>\n\t\t\t\t\t<\/div>\n\n\t\n\n\t<div id=\"col-1699359209\" class=\"col medium-7 small-12 large-7\"  >\n\t\t\t\t<div class=\"col-inner\"  >\n\t\t\t\n\t\t\t\n<h2>Sinus &amp; Nasal Packs<\/h2>\n<p>Hemostatic Sponges are specifically designed to stop immediately and efficiently nose and ear bleeding<\/p>\n\t\t<\/div>\n\t\t\t\t\t<\/div>\n\n\t\n<\/div>\n<div class=\"pxl-heading--inner\">\n<h3 class=\"pxl-item--title\" data-wow-delay=\"ms\">Product Features<\/h3>\n<p>Consist of high-absorption PolypolyVinyl Acetal (PVA) material<\/p>\n<p>Available Variations(mm): 80x20x15mm- without drawstring or with drawstring or with airway tube<\/p>\n<p>\u00a0<\/p>\n<\/div>\n\n  \n    <div class=\"row large-columns-3 medium-columns- small-columns-2\" >\n  <div class=\"gallery-col col\" >\n          <div class=\"col-inner\">\n            <a class=\"image-lightbox lightbox-gallery\" href=\"https:\/\/tydamed.vn\/wp-content\/uploads\/2024\/07\/NETCELL-Anatomical-Nasal-Pack-1.jpg\" title=\"\">            <div class=\"box has-hover gallery-box box-none\">\n              <div class=\"box-image\" >\n                <img loading=\"lazy\" decoding=\"async\" width=\"732\" height=\"732\" src=\"https:\/\/tydamed.vn\/wp-content\/uploads\/2024\/07\/NETCELL-Anatomical-Nasal-Pack-1.jpg\" class=\"attachment-medium size-medium\" alt=\"\" ids=\"630,631\" style=\"none\" columns=\"3\" srcset=\"https:\/\/tydamed.vn\/wp-content\/uploads\/2024\/07\/NETCELL-Anatomical-Nasal-Pack-1.jpg 732w, https:\/\/tydamed.vn\/wp-content\/uploads\/2024\/07\/NETCELL-Anatomical-Nasal-Pack-1-12x12.jpg 12w, https:\/\/tydamed.vn\/wp-content\/uploads\/2024\/07\/NETCELL-Anatomical-Nasal-Pack-1-300x300.jpg 300w, https:\/\/tydamed.vn\/wp-content\/uploads\/2024\/07\/NETCELL-Anatomical-Nasal-Pack-1-600x600.jpg 600w, https:\/\/tydamed.vn\/wp-content\/uploads\/2024\/07\/NETCELL-Anatomical-Nasal-Pack-1-100x100.jpg 100w\" sizes=\"auto, (max-width: 732px) 100vw, 732px\" \/>                                                              <\/div>\n              <div class=\"box-text text-left\" >\n                 <p><\/p>\n              <\/div>\n            <\/div>\n            <\/a>          <\/div>\n         <\/div><div class=\"gallery-col col\" >\n          <div class=\"col-inner\">\n            <a class=\"image-lightbox lightbox-gallery\" href=\"https:\/\/tydamed.vn\/wp-content\/uploads\/2024\/07\/NETCELL-Standard-PVA-Nasal-Pack-1.jpg\" title=\"\">            <div class=\"box has-hover gallery-box box-none\">\n              <div class=\"box-image\" >\n                <img loading=\"lazy\" decoding=\"async\" width=\"897\" height=\"897\" src=\"https:\/\/tydamed.vn\/wp-content\/uploads\/2024\/07\/NETCELL-Standard-PVA-Nasal-Pack-1.jpg\" class=\"attachment-medium size-medium\" alt=\"\" ids=\"630,631\" style=\"none\" columns=\"3\" srcset=\"https:\/\/tydamed.vn\/wp-content\/uploads\/2024\/07\/NETCELL-Standard-PVA-Nasal-Pack-1.jpg 897w, https:\/\/tydamed.vn\/wp-content\/uploads\/2024\/07\/NETCELL-Standard-PVA-Nasal-Pack-1-768x768.jpg 768w, https:\/\/tydamed.vn\/wp-content\/uploads\/2024\/07\/NETCELL-Standard-PVA-Nasal-Pack-1-12x12.jpg 12w, https:\/\/tydamed.vn\/wp-content\/uploads\/2024\/07\/NETCELL-Standard-PVA-Nasal-Pack-1-300x300.jpg 300w, https:\/\/tydamed.vn\/wp-content\/uploads\/2024\/07\/NETCELL-Standard-PVA-Nasal-Pack-1-600x600.jpg 600w, https:\/\/tydamed.vn\/wp-content\/uploads\/2024\/07\/NETCELL-Standard-PVA-Nasal-Pack-1-100x100.jpg 100w\" sizes=\"auto, (max-width: 897px) 100vw, 897px\" \/>                                                              <\/div>\n              <div class=\"box-text text-left\" >\n                 <p><\/p>\n              <\/div>\n            <\/div>\n            <\/a>          <\/div>\n         <\/div><\/div>\n\t\t<\/div>\n\t\t\t\t\t<\/div>\n\n\t\n\n\t<div id=\"col-2011634906\" class=\"col medium-3 small-12 large-3\"  >\n\t\t\t\t<div class=\"col-inner\"  >\n\t\t\t\n\t\t\t\n<div class=\"row\"  id=\"row-1723317757\">\n\n\t<div id=\"col-1770392198\" class=\"col ola small-12 large-12\"  >\n\t\t\t\t<div class=\"col-inner\" style=\"background-color:rgb(225, 246, 249);\" >\n\t\t\t\n\t\t\t\n<h3>Our Address<\/h3>\n<ul>\n<li>148 Nguyen Gia Thieu Str, Le Thanh Nghi Ward, Hai Duong City, Hai Duong Province, Vietnam<\/li>\n<\/ul>\n<hr \/>\n<h3>Contact Information<\/h3>\n<ul>\n<li>tyda@tydamed.vn<\/li>\n<li>+84 352 579 679<\/li>\n<\/ul>\n\t\t<\/div>\n\t\t\t\t\n<style>\n#col-1770392198 > .col-inner {\n  padding: 20px 20px 20px 20px;\n  border-radius: 10px;\n}\n<\/style>\n\t<\/div>\n\n\t\n<\/div>\n\t\t<\/div>\n\t\t\t\t\t<\/div>\n\n\t\n<\/div>\n\t\t<\/div>\n\n\t\t\n<style>\n#section_2120556053 {\n  padding-top: 30px;\n  padding-bottom: 30px;\n}\n<\/style>\n\t<\/section>","protected":false},"excerpt":{"rendered":"","protected":false},"author":3,"featured_media":0,"parent":0,"menu_order":0,"comment_status":"closed","ping_status":"closed","template":"page-blank.php","meta":{"footnotes":""},"class_list":["post-625","page","type-page","status-publish","hentry"],"yoast_head":"<!-- This site is optimized with the Yoast SEO Premium plugin v19.7 (Yoast SEO v23.8) - https:\/\/yoast.com\/wordpress\/plugins\/seo\/ -->\n<title>Mi\u1ebfng c\u1ea7m m\u00e1u m\u0169i - C\u00d4NG TY TNHH TYDA<\/title>\n<meta name=\"robots\" content=\"index, follow, max-snippet:-1, max-image-preview:large, max-video-preview:-1\" \/>\n<link rel=\"canonical\" href=\"https:\/\/tydamed.vn\/en\/mieng-cam-mau-mui\/\" \/>\n<meta property=\"og:locale\" content=\"en_US\" \/>\n<meta property=\"og:type\" content=\"article\" \/>\n<meta property=\"og:title\" content=\"Mi\u1ebfng c\u1ea7m m\u00e1u m\u0169i\" \/>\n<meta property=\"og:url\" content=\"https:\/\/tydamed.vn\/en\/mieng-cam-mau-mui\/\" \/>\n<meta property=\"og:site_name\" content=\"C\u00d4NG TY TNHH TYDA\" \/>\n<meta property=\"article:modified_time\" content=\"2024-07-26T09:13:05+00:00\" \/>\n<meta name=\"twitter:card\" content=\"summary_large_image\" \/>\n<meta name=\"twitter:label1\" content=\"Est. reading time\" \/>\n\t<meta name=\"twitter:data1\" content=\"2 minutes\" \/>\n<script type=\"application\/ld+json\" class=\"yoast-schema-graph\">{\"@context\":\"https:\/\/schema.org\",\"@graph\":[{\"@type\":\"WebPage\",\"@id\":\"https:\/\/tydamed.vn\/mieng-cam-mau-mui\",\"url\":\"https:\/\/tydamed.vn\/mieng-cam-mau-mui\",\"name\":\"Mi\u1ebfng c\u1ea7m m\u00e1u m\u0169i - C\u00d4NG TY TNHH TYDA\",\"isPartOf\":{\"@id\":\"https:\/\/tydamed.vn\/#website\"},\"datePublished\":\"2024-07-26T09:12:48+00:00\",\"dateModified\":\"2024-07-26T09:13:05+00:00\",\"breadcrumb\":{\"@id\":\"https:\/\/tydamed.vn\/mieng-cam-mau-mui#breadcrumb\"},\"inLanguage\":\"en-US\",\"potentialAction\":[{\"@type\":\"ReadAction\",\"target\":[\"https:\/\/tydamed.vn\/mieng-cam-mau-mui\"]}]},{\"@type\":\"BreadcrumbList\",\"@id\":\"https:\/\/tydamed.vn\/mieng-cam-mau-mui#breadcrumb\",\"itemListElement\":[{\"@type\":\"ListItem\",\"position\":1,\"name\":\"Home\",\"item\":\"https:\/\/tydamed.vn\/\"},{\"@type\":\"ListItem\",\"position\":2,\"name\":\"Mi\u1ebfng c\u1ea7m m\u00e1u m\u0169i\"}]},{\"@type\":\"WebSite\",\"@id\":\"https:\/\/tydamed.vn\/#website\",\"url\":\"https:\/\/tydamed.vn\/\",\"name\":\"C\u00d4NG TY TNHH TYDA\",\"description\":\"\",\"potentialAction\":[{\"@type\":\"SearchAction\",\"target\":{\"@type\":\"EntryPoint\",\"urlTemplate\":\"https:\/\/tydamed.vn\/?s={search_term_string}\"},\"query-input\":{\"@type\":\"PropertyValueSpecification\",\"valueRequired\":true,\"valueName\":\"search_term_string\"}}],\"inLanguage\":\"en-US\"}]}<\/script>\n<!-- \/ Yoast SEO Premium plugin. -->","yoast_head_json":{"title":"Mi\u1ebfng c\u1ea7m m\u00e1u m\u0169i - C\u00d4NG TY TNHH TYDA","robots":{"index":"index","follow":"follow","max-snippet":"max-snippet:-1","max-image-preview":"max-image-preview:large","max-video-preview":"max-video-preview:-1"},"canonical":"https:\/\/tydamed.vn\/en\/mieng-cam-mau-mui\/","og_locale":"en_US","og_type":"article","og_title":"Mi\u1ebfng c\u1ea7m m\u00e1u m\u0169i","og_url":"https:\/\/tydamed.vn\/en\/mieng-cam-mau-mui\/","og_site_name":"C\u00d4NG TY TNHH TYDA","article_modified_time":"2024-07-26T09:13:05+00:00","twitter_card":"summary_large_image","twitter_misc":{"Est. reading time":"2 minutes"},"schema":{"@context":"https:\/\/schema.org","@graph":[{"@type":"WebPage","@id":"https:\/\/tydamed.vn\/mieng-cam-mau-mui","url":"https:\/\/tydamed.vn\/mieng-cam-mau-mui","name":"Mi\u1ebfng c\u1ea7m m\u00e1u m\u0169i - C\u00d4NG TY TNHH TYDA","isPartOf":{"@id":"https:\/\/tydamed.vn\/#website"},"datePublished":"2024-07-26T09:12:48+00:00","dateModified":"2024-07-26T09:13:05+00:00","breadcrumb":{"@id":"https:\/\/tydamed.vn\/mieng-cam-mau-mui#breadcrumb"},"inLanguage":"en-US","potentialAction":[{"@type":"ReadAction","target":["https:\/\/tydamed.vn\/mieng-cam-mau-mui"]}]},{"@type":"BreadcrumbList","@id":"https:\/\/tydamed.vn\/mieng-cam-mau-mui#breadcrumb","itemListElement":[{"@type":"ListItem","position":1,"name":"Home","item":"https:\/\/tydamed.vn\/"},{"@type":"ListItem","position":2,"name":"Mi\u1ebfng c\u1ea7m m\u00e1u m\u0169i"}]},{"@type":"WebSite","@id":"https:\/\/tydamed.vn\/#website","url":"https:\/\/tydamed.vn\/","name":"C\u00d4NG TY TNHH TYDA","description":"","potentialAction":[{"@type":"SearchAction","target":{"@type":"EntryPoint","urlTemplate":"https:\/\/tydamed.vn\/?s={search_term_string}"},"query-input":{"@type":"PropertyValueSpecification","valueRequired":true,"valueName":"search_term_string"}}],"inLanguage":"en-US"}]}},"_links":{"self":[{"href":"https:\/\/tydamed.vn\/en\/wp-json\/wp\/v2\/pages\/625","targetHints":{"allow":["GET"]}}],"collection":[{"href":"https:\/\/tydamed.vn\/en\/wp-json\/wp\/v2\/pages"}],"about":[{"href":"https:\/\/tydamed.vn\/en\/wp-json\/wp\/v2\/types\/page"}],"author":[{"embeddable":true,"href":"https:\/\/tydamed.vn\/en\/wp-json\/wp\/v2\/users\/3"}],"replies":[{"embeddable":true,"href":"https:\/\/tydamed.vn\/en\/wp-json\/wp\/v2\/comments?post=625"}],"version-history":[{"count":2,"href":"https:\/\/tydamed.vn\/en\/wp-json\/wp\/v2\/pages\/625\/revisions"}],"predecessor-version":[{"id":632,"href":"https:\/\/tydamed.vn\/en\/wp-json\/wp\/v2\/pages\/625\/revisions\/632"}],"wp:attachment":[{"href":"https:\/\/tydamed.vn\/en\/wp-json\/wp\/v2\/media?parent=625"}],"curies":[{"name":"wp","href":"https:\/\/api.w.org\/{rel}","templated":true}]}}