{"id":568,"date":"2024-07-25T14:48:17","date_gmt":"2024-07-25T14:48:17","guid":{"rendered":"https:\/\/tydamed.vn\/?page_id=568"},"modified":"2024-07-25T14:51:57","modified_gmt":"2024-07-25T14:51:57","slug":"dao-bao-da-dung-khi-nen","status":"publish","type":"page","link":"https:\/\/tydamed.vn\/en\/dao-bao-da-dung-khi-nen","title":{"rendered":"Air Dermatome"},"content":{"rendered":"<div id=\"page-header-126043228\" class=\"page-header-wrapper\">\n  <div class=\"page-title dark featured-title\">\n\n        <div class=\"page-title-bg\">\n      <div class=\"title-bg fill bg-fill\"\n        data-parallax-container=\".page-title\"\n        data-parallax-background\n data-parallax=\"-\">\n      <\/div>\n      <div class=\"title-overlay fill\"><\/div>\n    <\/div>\n    \n    <div class=\"page-title-inner container align-center flex-row medium-flex-wrap\" >\n              <div class=\"title-wrapper flex-col text-left medium-text-center\">\n          <h1 class=\"entry-title mb-0\">\n            Air Dermatome          <\/h1>\n        <\/div>\n                    <div class=\"title-content flex-col flex-right text-right medium-text-center\">\n        <div class=\"title-breadcrumbs pb-half pt-half\"><nav class=\"woocommerce-breadcrumb breadcrumbs uppercase\" data-no-translation=\"\" data-trp-gettext=\"\">Home<\/nav><\/div>      <\/div>\n    <\/div>\n\n     \n<style>\n#page-header-126043228 .page-title-inner {\n  min-height: 350px;\n}\n#page-header-126043228 .title-bg {\n  background-image: url(https:\/\/tydamed.vn\/wp-content\/uploads\/2024\/07\/bg-page-title.png);\n}\n<\/style>\n  <\/div>\n    <\/div>\n  \n\t<section class=\"section\" id=\"section_2118398383\">\n\t\t<div class=\"bg section-bg fill bg-fill  bg-loaded\" >\n\n\t\t\t\n\t\t\t\n\t\t\t\n\n\t\t<\/div>\n\n\t\t\n\n\t\t<div class=\"section-content relative\">\n\t\t\t\n<div class=\"row\"  id=\"row-330126639\">\n\n\t<div id=\"col-436083703\" class=\"col col_chitiet medium-9 small-12 large-9\"  >\n\t\t\t\t<div class=\"col-inner\"  >\n\t\t\t\n\t\t\t\n<div class=\"row row-small col_box1\"  id=\"row-1597113854\">\n\n\t<div id=\"col-945794761\" class=\"col medium-5 small-12 large-5\"  >\n\t\t\t\t<div class=\"col-inner\"  >\n\t\t\t\n\t\t\t\n\t<div class=\"img has-hover x md-x lg-x y md-y lg-y\" id=\"image_1183297704\">\n\t\t\t\t\t\t\t\t<div class=\"img-inner dark\" >\n\t\t\t<img loading=\"lazy\" decoding=\"async\" width=\"1562\" height=\"996\" src=\"https:\/\/tydamed.vn\/wp-content\/uploads\/2024\/07\/20240221202965136513.png\" class=\"attachment-large size-large\" alt=\"\" srcset=\"https:\/\/tydamed.vn\/wp-content\/uploads\/2024\/07\/20240221202965136513.png 1562w, https:\/\/tydamed.vn\/wp-content\/uploads\/2024\/07\/20240221202965136513-768x490.png 768w, https:\/\/tydamed.vn\/wp-content\/uploads\/2024\/07\/20240221202965136513-1536x979.png 1536w, https:\/\/tydamed.vn\/wp-content\/uploads\/2024\/07\/20240221202965136513-18x12.png 18w, https:\/\/tydamed.vn\/wp-content\/uploads\/2024\/07\/20240221202965136513-600x383.png 600w\" sizes=\"auto, (max-width: 1562px) 100vw, 1562px\" \/>\t\t\t\t\t\t\n\t\t\t\t\t<\/div>\n\t\t\t\t\t\t\t\t\n<style>\n#image_1183297704 {\n  width: 100%;\n}\n<\/style>\n\t<\/div>\n\t\n\t\t<\/div>\n\t\t\t\t\t<\/div>\n\n\t\n\n\t<div id=\"col-1932509346\" class=\"col medium-7 small-12 large-7\"  >\n\t\t\t\t<div class=\"col-inner\"  >\n\t\t\t\n\t\t\t\n<h2>Air Dermatome<\/h2>\n<p>It consists of 1 Handpiece, 1Air Tube, 4 Width Plates,1 Screwdriver, 2 Boxes Medical Dermatome Blades, 1 Transport Case,1 Autoclave Case.<\/p>\n\t\t<\/div>\n\t\t\t\t\t<\/div>\n\n\t\n<\/div>\n<div class=\"pxl-heading--inner\">\n<h3 class=\"pxl-item--title\" data-wow-delay=\"ms\">Product Features<\/h3>\n<p>Special Features\u3017\n(1) Strong Power: speed cutting ,it can reach 4500-6500 R\/Min; Smooth cutting action, virtually  effortless cutting even during excision of eschar.\n\n(2) Compared with manual cutting,mechanized cutting that consistently produces clean,uniform grafts, increase surgery efficiency,reduce pain of patients .\n\n(3) Precise Galibration:\n\n* Thickness: 0-0.75mm (Larger range can be customized from 0-1.6mm) in 0.02 inch (0.05mm) increments.\n\n* Width: 1 inch (2.5cm),1.5 inch (3.8cm),2 inch (5.1cm),3 inch (7.6cm),4 inch (10.2cm) (Special size width plate can be customized according to requirements) for choice.\n\n(4) Easy Operation, Safe and Reliable:\n\n* Blade can be quickly and safely inserted.Select the proper width plate,and connect the handpiece to the power supply.\n\n* Removable cord design, easy to operate the handpiece.\n\n* Handle with safe contact switch, start and stop at any time, reduce the risk of surgery.\n\n(5) Low Maintenance:\n\n* Smooth head design facilitates easy and thorough cleaning. No lubrication required.Avoid accumulation of pollutants.\n\n* Various sterilization methods are applicable, such as pre-vacuum and gravity displacement steam sterilization or low temperature plasma sterilization, etc.<\/p>\n<p>Width: 1 inch (2.5cm),1.5 inch(3.8cm),1.65 inch(4.2cm),2 inch (5.1cm),3 inch (7.6cm),4 inch (10.2cm) (Special size width plate can be customized according to requirements) for choice.<\/p>\n<p>Thickness: 0-0.75mm<\/p>\n<\/div>\n\n  \n    <div class=\"row large-columns-3 medium-columns- small-columns-2\" >\n  <div class=\"gallery-col col\" >\n          <div class=\"col-inner\">\n            <a class=\"image-lightbox lightbox-gallery\" href=\"https:\/\/tydamed.vn\/wp-content\/uploads\/2024\/07\/20240221202965136513-1.png\" title=\"\">            <div class=\"box has-hover gallery-box box-none\">\n              <div class=\"box-image\" >\n                <img loading=\"lazy\" decoding=\"async\" width=\"1562\" height=\"996\" src=\"https:\/\/tydamed.vn\/wp-content\/uploads\/2024\/07\/20240221202965136513-1.png\" class=\"attachment-medium size-medium\" alt=\"\" ids=\"572,571,573\" style=\"none\" columns=\"3\" srcset=\"https:\/\/tydamed.vn\/wp-content\/uploads\/2024\/07\/20240221202965136513-1.png 1562w, https:\/\/tydamed.vn\/wp-content\/uploads\/2024\/07\/20240221202965136513-1-768x490.png 768w, https:\/\/tydamed.vn\/wp-content\/uploads\/2024\/07\/20240221202965136513-1-1536x979.png 1536w, https:\/\/tydamed.vn\/wp-content\/uploads\/2024\/07\/20240221202965136513-1-18x12.png 18w, https:\/\/tydamed.vn\/wp-content\/uploads\/2024\/07\/20240221202965136513-1-600x383.png 600w\" sizes=\"auto, (max-width: 1562px) 100vw, 1562px\" \/>                                                              <\/div>\n              <div class=\"box-text text-left\" >\n                 <p><\/p>\n              <\/div>\n            <\/div>\n            <\/a>          <\/div>\n         <\/div><div class=\"gallery-col col\" >\n          <div class=\"col-inner\">\n            <a class=\"image-lightbox lightbox-gallery\" href=\"https:\/\/tydamed.vn\/wp-content\/uploads\/2024\/07\/20220329102826372637-3.jpg\" title=\"\">            <div class=\"box has-hover gallery-box box-none\">\n              <div class=\"box-image\" >\n                <img loading=\"lazy\" decoding=\"async\" width=\"500\" height=\"500\" src=\"https:\/\/tydamed.vn\/wp-content\/uploads\/2024\/07\/20220329102826372637-3.jpg\" class=\"attachment-medium size-medium\" alt=\"\" ids=\"572,571,573\" style=\"none\" columns=\"3\" srcset=\"https:\/\/tydamed.vn\/wp-content\/uploads\/2024\/07\/20220329102826372637-3.jpg 500w, https:\/\/tydamed.vn\/wp-content\/uploads\/2024\/07\/20220329102826372637-3-12x12.jpg 12w, https:\/\/tydamed.vn\/wp-content\/uploads\/2024\/07\/20220329102826372637-3-300x300.jpg 300w, https:\/\/tydamed.vn\/wp-content\/uploads\/2024\/07\/20220329102826372637-3-100x100.jpg 100w\" sizes=\"auto, (max-width: 500px) 100vw, 500px\" \/>                                                              <\/div>\n              <div class=\"box-text text-left\" >\n                 <p><\/p>\n              <\/div>\n            <\/div>\n            <\/a>          <\/div>\n         <\/div><div class=\"gallery-col col\" >\n          <div class=\"col-inner\">\n            <a class=\"image-lightbox lightbox-gallery\" href=\"https:\/\/tydamed.vn\/wp-content\/uploads\/2024\/07\/Da-2-2.png\" title=\"\">            <div class=\"box has-hover gallery-box box-none\">\n              <div class=\"box-image\" >\n                <img loading=\"lazy\" decoding=\"async\" width=\"602\" height=\"362\" src=\"https:\/\/tydamed.vn\/wp-content\/uploads\/2024\/07\/Da-2-2.png\" class=\"attachment-medium size-medium\" alt=\"\" ids=\"572,571,573\" style=\"none\" columns=\"3\" srcset=\"https:\/\/tydamed.vn\/wp-content\/uploads\/2024\/07\/Da-2-2.png 602w, https:\/\/tydamed.vn\/wp-content\/uploads\/2024\/07\/Da-2-2-18x12.png 18w, https:\/\/tydamed.vn\/wp-content\/uploads\/2024\/07\/Da-2-2-600x361.png 600w\" sizes=\"auto, (max-width: 602px) 100vw, 602px\" \/>                                                              <\/div>\n              <div class=\"box-text text-left\" >\n                 <p><\/p>\n              <\/div>\n            <\/div>\n            <\/a>          <\/div>\n         <\/div><\/div>\n\t\t<\/div>\n\t\t\t\t\t<\/div>\n\n\t\n\n\t<div id=\"col-566781868\" class=\"col medium-3 small-12 large-3\"  >\n\t\t\t\t<div class=\"col-inner\"  >\n\t\t\t\n\t\t\t\n<div class=\"row\"  id=\"row-487825459\">\n\n\t<div id=\"col-1668534054\" class=\"col ola small-12 large-12\"  >\n\t\t\t\t<div class=\"col-inner\" style=\"background-color:rgb(225, 246, 249);\" >\n\t\t\t\n\t\t\t\n<h3>Our Address<\/h3>\n<ul>\n<li>148 Nguyen Gia Thieu Str, Le Thanh Nghi Ward, Hai Duong City, Hai Duong Province, Vietnam<\/li>\n<\/ul>\n<hr \/>\n<h3>Contact Information<\/h3>\n<ul>\n<li>tyda@tydamed.vn<\/li>\n<li>+84 352 579 679<\/li>\n<\/ul>\n\t\t<\/div>\n\t\t\t\t\n<style>\n#col-1668534054 > .col-inner {\n  padding: 20px 20px 20px 20px;\n  border-radius: 10px;\n}\n<\/style>\n\t<\/div>\n\n\t\n<\/div>\n\t\t<\/div>\n\t\t\t\t\t<\/div>\n\n\t\n<\/div>\n\t\t<\/div>\n\n\t\t\n<style>\n#section_2118398383 {\n  padding-top: 30px;\n  padding-bottom: 30px;\n}\n<\/style>\n\t<\/section>","protected":false},"excerpt":{"rendered":"","protected":false},"author":3,"featured_media":0,"parent":0,"menu_order":0,"comment_status":"closed","ping_status":"closed","template":"page-blank.php","meta":{"footnotes":""},"class_list":["post-568","page","type-page","status-publish","hentry"],"yoast_head":"<!-- This site is optimized with the Yoast SEO Premium plugin v19.7 (Yoast SEO v23.8) - https:\/\/yoast.com\/wordpress\/plugins\/seo\/ -->\n<title>Dao b\u00e0o da d\u00f9ng kh\u00ed n\u00e9n - C\u00d4NG TY TNHH TYDA<\/title>\n<meta name=\"robots\" content=\"index, follow, max-snippet:-1, max-image-preview:large, max-video-preview:-1\" \/>\n<link rel=\"canonical\" href=\"https:\/\/tydamed.vn\/en\/dao-bao-da-dung-khi-nen\/\" \/>\n<meta property=\"og:locale\" content=\"en_US\" \/>\n<meta property=\"og:type\" content=\"article\" \/>\n<meta property=\"og:title\" content=\"Dao b\u00e0o da d\u00f9ng kh\u00ed n\u00e9n\" \/>\n<meta property=\"og:url\" content=\"https:\/\/tydamed.vn\/en\/dao-bao-da-dung-khi-nen\/\" \/>\n<meta property=\"og:site_name\" content=\"C\u00d4NG TY TNHH TYDA\" \/>\n<meta property=\"article:modified_time\" content=\"2024-07-25T14:51:57+00:00\" \/>\n<meta name=\"twitter:card\" content=\"summary_large_image\" \/>\n<meta name=\"twitter:label1\" content=\"Est. reading time\" \/>\n\t<meta name=\"twitter:data1\" content=\"2 minutes\" \/>\n<script type=\"application\/ld+json\" class=\"yoast-schema-graph\">{\"@context\":\"https:\/\/schema.org\",\"@graph\":[{\"@type\":\"WebPage\",\"@id\":\"https:\/\/tydamed.vn\/dao-bao-da-dung-khi-nen\",\"url\":\"https:\/\/tydamed.vn\/dao-bao-da-dung-khi-nen\",\"name\":\"Dao b\u00e0o da d\u00f9ng kh\u00ed n\u00e9n - C\u00d4NG TY TNHH TYDA\",\"isPartOf\":{\"@id\":\"https:\/\/tydamed.vn\/#website\"},\"datePublished\":\"2024-07-25T14:48:17+00:00\",\"dateModified\":\"2024-07-25T14:51:57+00:00\",\"breadcrumb\":{\"@id\":\"https:\/\/tydamed.vn\/dao-bao-da-dung-khi-nen#breadcrumb\"},\"inLanguage\":\"en-US\",\"potentialAction\":[{\"@type\":\"ReadAction\",\"target\":[\"https:\/\/tydamed.vn\/dao-bao-da-dung-khi-nen\"]}]},{\"@type\":\"BreadcrumbList\",\"@id\":\"https:\/\/tydamed.vn\/dao-bao-da-dung-khi-nen#breadcrumb\",\"itemListElement\":[{\"@type\":\"ListItem\",\"position\":1,\"name\":\"Home\",\"item\":\"https:\/\/tydamed.vn\/\"},{\"@type\":\"ListItem\",\"position\":2,\"name\":\"Dao b\u00e0o da d\u00f9ng kh\u00ed n\u00e9n\"}]},{\"@type\":\"WebSite\",\"@id\":\"https:\/\/tydamed.vn\/#website\",\"url\":\"https:\/\/tydamed.vn\/\",\"name\":\"C\u00d4NG TY TNHH TYDA\",\"description\":\"\",\"potentialAction\":[{\"@type\":\"SearchAction\",\"target\":{\"@type\":\"EntryPoint\",\"urlTemplate\":\"https:\/\/tydamed.vn\/?s={search_term_string}\"},\"query-input\":{\"@type\":\"PropertyValueSpecification\",\"valueRequired\":true,\"valueName\":\"search_term_string\"}}],\"inLanguage\":\"en-US\"}]}<\/script>\n<!-- \/ Yoast SEO Premium plugin. -->","yoast_head_json":{"title":"Dao b\u00e0o da d\u00f9ng kh\u00ed n\u00e9n - C\u00d4NG TY TNHH TYDA","robots":{"index":"index","follow":"follow","max-snippet":"max-snippet:-1","max-image-preview":"max-image-preview:large","max-video-preview":"max-video-preview:-1"},"canonical":"https:\/\/tydamed.vn\/en\/dao-bao-da-dung-khi-nen\/","og_locale":"en_US","og_type":"article","og_title":"Dao b\u00e0o da d\u00f9ng kh\u00ed n\u00e9n","og_url":"https:\/\/tydamed.vn\/en\/dao-bao-da-dung-khi-nen\/","og_site_name":"C\u00d4NG TY TNHH TYDA","article_modified_time":"2024-07-25T14:51:57+00:00","twitter_card":"summary_large_image","twitter_misc":{"Est. reading time":"2 minutes"},"schema":{"@context":"https:\/\/schema.org","@graph":[{"@type":"WebPage","@id":"https:\/\/tydamed.vn\/dao-bao-da-dung-khi-nen","url":"https:\/\/tydamed.vn\/dao-bao-da-dung-khi-nen","name":"Dao b\u00e0o da d\u00f9ng kh\u00ed n\u00e9n - C\u00d4NG TY TNHH TYDA","isPartOf":{"@id":"https:\/\/tydamed.vn\/#website"},"datePublished":"2024-07-25T14:48:17+00:00","dateModified":"2024-07-25T14:51:57+00:00","breadcrumb":{"@id":"https:\/\/tydamed.vn\/dao-bao-da-dung-khi-nen#breadcrumb"},"inLanguage":"en-US","potentialAction":[{"@type":"ReadAction","target":["https:\/\/tydamed.vn\/dao-bao-da-dung-khi-nen"]}]},{"@type":"BreadcrumbList","@id":"https:\/\/tydamed.vn\/dao-bao-da-dung-khi-nen#breadcrumb","itemListElement":[{"@type":"ListItem","position":1,"name":"Home","item":"https:\/\/tydamed.vn\/"},{"@type":"ListItem","position":2,"name":"Dao b\u00e0o da d\u00f9ng kh\u00ed n\u00e9n"}]},{"@type":"WebSite","@id":"https:\/\/tydamed.vn\/#website","url":"https:\/\/tydamed.vn\/","name":"C\u00d4NG TY TNHH TYDA","description":"","potentialAction":[{"@type":"SearchAction","target":{"@type":"EntryPoint","urlTemplate":"https:\/\/tydamed.vn\/?s={search_term_string}"},"query-input":{"@type":"PropertyValueSpecification","valueRequired":true,"valueName":"search_term_string"}}],"inLanguage":"en-US"}]}},"_links":{"self":[{"href":"https:\/\/tydamed.vn\/en\/wp-json\/wp\/v2\/pages\/568","targetHints":{"allow":["GET"]}}],"collection":[{"href":"https:\/\/tydamed.vn\/en\/wp-json\/wp\/v2\/pages"}],"about":[{"href":"https:\/\/tydamed.vn\/en\/wp-json\/wp\/v2\/types\/page"}],"author":[{"embeddable":true,"href":"https:\/\/tydamed.vn\/en\/wp-json\/wp\/v2\/users\/3"}],"replies":[{"embeddable":true,"href":"https:\/\/tydamed.vn\/en\/wp-json\/wp\/v2\/comments?post=568"}],"version-history":[{"count":2,"href":"https:\/\/tydamed.vn\/en\/wp-json\/wp\/v2\/pages\/568\/revisions"}],"predecessor-version":[{"id":574,"href":"https:\/\/tydamed.vn\/en\/wp-json\/wp\/v2\/pages\/568\/revisions\/574"}],"wp:attachment":[{"href":"https:\/\/tydamed.vn\/en\/wp-json\/wp\/v2\/media?parent=568"}],"curies":[{"name":"wp","href":"https:\/\/api.w.org\/{rel}","templated":true}]}}