{"id":150,"date":"2024-07-17T00:57:24","date_gmt":"2024-07-17T00:57:24","guid":{"rendered":"https:\/\/tydamed.vn\/?page_id=150"},"modified":"2024-07-18T09:22:03","modified_gmt":"2024-07-18T09:22:03","slug":"ve-chung-toi","status":"publish","type":"page","link":"https:\/\/tydamed.vn\/en\/ve-chung-toi","title":{"rendered":"About"},"content":{"rendered":"<div id=\"page-header-638302678\" class=\"page-header-wrapper\">\n  <div class=\"page-title page1 dark featured-title\">\n\n        <div class=\"page-title-bg\">\n      <div class=\"title-bg fill bg-fill\"\n        data-parallax-container=\".page-title\"\n        data-parallax-background\n data-parallax=\"-\">\n      <\/div>\n      <div class=\"title-overlay fill\"><\/div>\n    <\/div>\n    \n    <div class=\"page-title-inner container align-center flex-row medium-flex-wrap\" >\n              <div class=\"title-wrapper flex-col text-left medium-text-center\">\n          <h1 class=\"entry-title mb-0\">\n            About          <\/h1>\n        <\/div>\n                    <div class=\"title-content flex-col flex-right text-right medium-text-center\">\n        <div class=\"title-breadcrumbs pb-half pt-half\"><nav class=\"woocommerce-breadcrumb breadcrumbs uppercase\" data-no-translation=\"\" data-trp-gettext=\"\">Home<\/nav><\/div>      <\/div>\n    <\/div>\n\n     \n<style>\n#page-header-638302678 .page-title-inner {\n  min-height: 350px;\n}\n#page-header-638302678 .title-bg {\n  background-image: url(https:\/\/tydamed.vn\/wp-content\/uploads\/2024\/07\/bg-page-title.png);\n}\n<\/style>\n  <\/div>\n    <\/div>\n  \n\t<div id=\"gap-1927691928\" class=\"gap-element clearfix\" style=\"display:block; height:auto;\">\n\t\t\n<style>\n#gap-1927691928 {\n  padding-top: 30px;\n}\n<\/style>\n\t<\/div>\n\t\n<div class=\"row\"  id=\"row-1045651517\">\n\n\t<div id=\"col-883086163\" class=\"col small-12 large-12\"  >\n\t\t\t\t<div class=\"col-inner\"  >\n\t\t\t\n\t\t\t\n\t<div class=\"img has-hover x md-x lg-x y md-y lg-y\" id=\"image_704193582\">\n\t\t\t\t\t\t\t\t<div class=\"img-inner image-cover dark\" style=\"padding-top:60%;\">\n\t\t\t<img loading=\"lazy\" decoding=\"async\" width=\"1200\" height=\"628\" src=\"https:\/\/tydamed.vn\/wp-content\/uploads\/2024\/07\/anh-bien.jpg\" class=\"attachment-large size-large\" alt=\"\" srcset=\"https:\/\/tydamed.vn\/wp-content\/uploads\/2024\/07\/anh-bien.jpg 1200w, https:\/\/tydamed.vn\/wp-content\/uploads\/2024\/07\/anh-bien-768x402.jpg 768w, https:\/\/tydamed.vn\/wp-content\/uploads\/2024\/07\/anh-bien-600x314.jpg 600w\" sizes=\"auto, (max-width: 1200px) 100vw, 1200px\" \/>\t\t\t\t\t\t\n\t\t\t\t\t<\/div>\n\t\t\t\t\t\t\t\t\n<style>\n#image_704193582 {\n  width: 100%;\n}\n<\/style>\n\t<\/div>\n\t\n<div class=\"elementor-element elementor-element-ef03a6e elementor-widget elementor-widget-pxl_heading\" data-id=\"ef03a6e\" data-element_type=\"widget\" data-widget_type=\"pxl_heading.default\">\n<div class=\"elementor-widget-container\">\n<div class=\"pxl-heading\">\n<div class=\"pxl-heading--inner\">\n<h1>About TYDA CO.,LTD<\/h1>\n<p>Welcome to TYDA CO.,LTD a reliable partner for hospitals and clinics throughout Vietnam. Established in February 2020 and headquartered in Hai Duong City, Hai Duong Province, Vietnam, we have been at the forefront of finding and importing and distribute advanced, high quality and reasonably priced medical equipment and supplies to the Vietnamese market.<\/p>\n<p><strong>Quality Policy <\/strong><\/p>\n<p>\u00a0We commit that all products distributed by TYDA COMPANY LIMITED meet ISO 13485, CE, FDA quality standards and are always carefully preserved according to the manufacturer's standards. Always strive to become a leading company in providing medical equipment by providing the best solutions, the highest quality products with timely, effective attention to the medical industry and bringing benefite for society.<\/p>\n<p><strong>\u00a0<\/strong><strong>Our Mission:<\/strong>:<\/p>\n<p>Revolutionizing the healthcare industry by providing doctors, hospitals, and clinics with innovative solutions that improve diagnostic accuracy, treatment effectiveness, and patient outcomes. We are committed to always supplying the highest quality products from the leading, most reputable and trusted manufacturers worldwide, ensuring that you have access to the latest advances in medical technology.<\/p>\n<p><strong>Organizational Principles:<\/strong><\/p>\n<p>Commitment<\/p>\n<p>Responsibility<\/p>\n<p>Discipline<\/p>\n<p>Teamwork<\/p>\n<p>Continuous improvement<\/p>\n<p>Customer focus<\/p>\n<p>Communicate assertively<\/p>\n<p>Leadership<\/p>\n<p>Strategic vision<\/p>\n<p><strong>Our Vision<\/strong><\/p>\n<p>Our vision is to be the preferred and familiar partner of healthcare professionals, recognized for our unwavering dedication to excellence, integrity and customer satisfaction. We strive to build long-term relationships with our customers based on trust, transparency and mutual respect. Always customer-centric, by understanding evolving needs and challenges, we are committed to comprehensive development and continuous improvement.<\/p>\n<\/div>\n<\/div>\n<\/div>\n<\/div>\n\t\t<\/div>\n\t\t\t\t\t<\/div>\n\n\t\n<\/div>","protected":false},"excerpt":{"rendered":"","protected":false},"author":1,"featured_media":0,"parent":0,"menu_order":0,"comment_status":"closed","ping_status":"closed","template":"page-blank.php","meta":{"footnotes":""},"class_list":["post-150","page","type-page","status-publish","hentry"],"yoast_head":"<!-- This site is optimized with the Yoast SEO Premium plugin v19.7 (Yoast SEO v23.8) - https:\/\/yoast.com\/wordpress\/plugins\/seo\/ -->\n<title>V\u1ec1 ch\u00fang t\u00f4i - C\u00d4NG TY TNHH TYDA<\/title>\n<meta name=\"robots\" content=\"index, follow, max-snippet:-1, max-image-preview:large, max-video-preview:-1\" \/>\n<link rel=\"canonical\" href=\"https:\/\/tydamed.vn\/en\/ve-chung-toi\/\" \/>\n<meta property=\"og:locale\" content=\"en_US\" \/>\n<meta property=\"og:type\" content=\"article\" \/>\n<meta property=\"og:title\" content=\"V\u1ec1 ch\u00fang t\u00f4i\" \/>\n<meta property=\"og:url\" content=\"https:\/\/tydamed.vn\/en\/ve-chung-toi\/\" \/>\n<meta property=\"og:site_name\" content=\"C\u00d4NG TY TNHH TYDA\" \/>\n<meta property=\"article:modified_time\" content=\"2024-07-18T09:22:03+00:00\" \/>\n<meta name=\"twitter:card\" content=\"summary_large_image\" \/>\n<script type=\"application\/ld+json\" class=\"yoast-schema-graph\">{\"@context\":\"https:\/\/schema.org\",\"@graph\":[{\"@type\":\"WebPage\",\"@id\":\"https:\/\/tydamed.vn\/ve-chung-toi\",\"url\":\"https:\/\/tydamed.vn\/ve-chung-toi\",\"name\":\"V\u1ec1 ch\u00fang t\u00f4i - C\u00d4NG TY TNHH TYDA\",\"isPartOf\":{\"@id\":\"https:\/\/tydamed.vn\/#website\"},\"datePublished\":\"2024-07-17T00:57:24+00:00\",\"dateModified\":\"2024-07-18T09:22:03+00:00\",\"breadcrumb\":{\"@id\":\"https:\/\/tydamed.vn\/ve-chung-toi#breadcrumb\"},\"inLanguage\":\"en-US\",\"potentialAction\":[{\"@type\":\"ReadAction\",\"target\":[\"https:\/\/tydamed.vn\/ve-chung-toi\"]}]},{\"@type\":\"BreadcrumbList\",\"@id\":\"https:\/\/tydamed.vn\/ve-chung-toi#breadcrumb\",\"itemListElement\":[{\"@type\":\"ListItem\",\"position\":1,\"name\":\"Home\",\"item\":\"https:\/\/tydamed.vn\/\"},{\"@type\":\"ListItem\",\"position\":2,\"name\":\"V\u1ec1 ch\u00fang t\u00f4i\"}]},{\"@type\":\"WebSite\",\"@id\":\"https:\/\/tydamed.vn\/#website\",\"url\":\"https:\/\/tydamed.vn\/\",\"name\":\"C\u00d4NG TY TNHH TYDA\",\"description\":\"\",\"potentialAction\":[{\"@type\":\"SearchAction\",\"target\":{\"@type\":\"EntryPoint\",\"urlTemplate\":\"https:\/\/tydamed.vn\/?s={search_term_string}\"},\"query-input\":{\"@type\":\"PropertyValueSpecification\",\"valueRequired\":true,\"valueName\":\"search_term_string\"}}],\"inLanguage\":\"en-US\"}]}<\/script>\n<!-- \/ Yoast SEO Premium plugin. -->","yoast_head_json":{"title":"V\u1ec1 ch\u00fang t\u00f4i - C\u00d4NG TY TNHH TYDA","robots":{"index":"index","follow":"follow","max-snippet":"max-snippet:-1","max-image-preview":"max-image-preview:large","max-video-preview":"max-video-preview:-1"},"canonical":"https:\/\/tydamed.vn\/en\/ve-chung-toi\/","og_locale":"en_US","og_type":"article","og_title":"V\u1ec1 ch\u00fang t\u00f4i","og_url":"https:\/\/tydamed.vn\/en\/ve-chung-toi\/","og_site_name":"C\u00d4NG TY TNHH TYDA","article_modified_time":"2024-07-18T09:22:03+00:00","twitter_card":"summary_large_image","schema":{"@context":"https:\/\/schema.org","@graph":[{"@type":"WebPage","@id":"https:\/\/tydamed.vn\/ve-chung-toi","url":"https:\/\/tydamed.vn\/ve-chung-toi","name":"V\u1ec1 ch\u00fang t\u00f4i - C\u00d4NG TY TNHH TYDA","isPartOf":{"@id":"https:\/\/tydamed.vn\/#website"},"datePublished":"2024-07-17T00:57:24+00:00","dateModified":"2024-07-18T09:22:03+00:00","breadcrumb":{"@id":"https:\/\/tydamed.vn\/ve-chung-toi#breadcrumb"},"inLanguage":"en-US","potentialAction":[{"@type":"ReadAction","target":["https:\/\/tydamed.vn\/ve-chung-toi"]}]},{"@type":"BreadcrumbList","@id":"https:\/\/tydamed.vn\/ve-chung-toi#breadcrumb","itemListElement":[{"@type":"ListItem","position":1,"name":"Home","item":"https:\/\/tydamed.vn\/"},{"@type":"ListItem","position":2,"name":"V\u1ec1 ch\u00fang t\u00f4i"}]},{"@type":"WebSite","@id":"https:\/\/tydamed.vn\/#website","url":"https:\/\/tydamed.vn\/","name":"C\u00d4NG TY TNHH TYDA","description":"","potentialAction":[{"@type":"SearchAction","target":{"@type":"EntryPoint","urlTemplate":"https:\/\/tydamed.vn\/?s={search_term_string}"},"query-input":{"@type":"PropertyValueSpecification","valueRequired":true,"valueName":"search_term_string"}}],"inLanguage":"en-US"}]}},"_links":{"self":[{"href":"https:\/\/tydamed.vn\/en\/wp-json\/wp\/v2\/pages\/150","targetHints":{"allow":["GET"]}}],"collection":[{"href":"https:\/\/tydamed.vn\/en\/wp-json\/wp\/v2\/pages"}],"about":[{"href":"https:\/\/tydamed.vn\/en\/wp-json\/wp\/v2\/types\/page"}],"author":[{"embeddable":true,"href":"https:\/\/tydamed.vn\/en\/wp-json\/wp\/v2\/users\/1"}],"replies":[{"embeddable":true,"href":"https:\/\/tydamed.vn\/en\/wp-json\/wp\/v2\/comments?post=150"}],"version-history":[{"count":6,"href":"https:\/\/tydamed.vn\/en\/wp-json\/wp\/v2\/pages\/150\/revisions"}],"predecessor-version":[{"id":330,"href":"https:\/\/tydamed.vn\/en\/wp-json\/wp\/v2\/pages\/150\/revisions\/330"}],"wp:attachment":[{"href":"https:\/\/tydamed.vn\/en\/wp-json\/wp\/v2\/media?parent=150"}],"curies":[{"name":"wp","href":"https:\/\/api.w.org\/{rel}","templated":true}]}}